{"id":3,"date":"2024-02-07T09:39:14","date_gmt":"2024-02-07T09:39:14","guid":{"rendered":"https:\/\/web.salumificiobellucci.com\/?page_id=3"},"modified":"2024-10-31T08:02:07","modified_gmt":"2024-10-31T08:02:07","slug":"privacy-policy","status":"publish","type":"page","link":"https:\/\/www.salumificiobellucci.com\/en\/privacy-policy\/","title":{"rendered":"Privacy Policy"},"content":{"rendered":"<h2 class=\"wp-block-heading\">Who we are<\/h2><p><strong class=\"privacy-policy-tutorial\">Suggested text: <\/strong>Our website address is: https:\/\/www.salumificiobellucci.com.<\/p><h2 class=\"wp-block-heading\">Comments<\/h2><p><strong class=\"privacy-policy-tutorial\">Suggested text: <\/strong>When visitors leave comments on the site we collect the data shown in the comments form, and also the visitor&#8217;s IP address and browser user agent string to help spam detection.<\/p><p>An anonymized string created from your email address (also called a hash) may be provided to the Gravatar service to see if you are using it. The Gravatar service privacy policy is available here: https:\/\/automattic.com\/privacy\/. After approval of your comment, your profile picture is visible to the public in the context of your comment.<\/p><h2 class=\"wp-block-heading\">Media<\/h2><p><strong class=\"privacy-policy-tutorial\">Suggested text: <\/strong>If you upload images to the website, you should avoid uploading images with embedded location data (EXIF GPS) included. Visitors to the website can download and extract any location data from images on the website.<\/p><h2 class=\"wp-block-heading\">Cookies<\/h2><p><strong class=\"privacy-policy-tutorial\">Suggested text: <\/strong>If you leave a comment on our site you may opt-in to saving your name, email address and website in cookies. These are for your convenience so that you do not have to fill in your details again when you leave another comment. These cookies will last for one year.<\/p><p>If you visit our login page, we will set a temporary cookie to determine if your browser accepts cookies. This cookie contains no personal data and is discarded when you close your browser.<\/p><p>When you log in, we will also set up several cookies to save your login information and your screen display choices. Login cookies last for two days, and screen options cookies last for a year. If you select &quot;Remember Me&quot;, your login will persist for two weeks. If you log out of your account, the login cookies will be removed.<\/p><p>If you edit or publish an article, an additional cookie will be saved in your browser. This cookie includes no personal data and simply indicates the post ID of the article you just edited. It expires after 1 day.<\/p><h2 class=\"wp-block-heading\">Embedded content from other websites<\/h2><p><strong class=\"privacy-policy-tutorial\">Suggested text: <\/strong>Articles on this site may include embedded content (e.g. videos, images, articles, etc.). Embedded content from other websites behaves in the exact same way as if the visitor has visited the other website.<\/p><p>These websites may collect data about you, use cookies, embed additional third-party tracking, and monitor your interaction with that embedded content, including tracking your interaction with the embedded content if you have an account and are logged in to that website.<\/p><h2 class=\"wp-block-heading\">Who we share your data with<\/h2><p><strong class=\"privacy-policy-tutorial\">Suggested text: <\/strong>If you request a password reset, your IP address will be included in the reset email.<\/p><h2 class=\"wp-block-heading\">How long we retain your data<\/h2><p><strong class=\"privacy-policy-tutorial\">Suggested text: <\/strong>If you leave a comment, the comment and its metadata are retained indefinitely. This is so we can recognize and approve any follow-up comments automatically instead of holding them in a moderation queue.<\/p><p>For users that register on our website (if any), we also store the personal information they provide in their user profile. All users can see, edit, or delete their personal information at any time (except they cannot change their username). Website administrators can also see and edit that information.<\/p><h2 class=\"wp-block-heading\">What rights you have over your data<\/h2><p><strong class=\"privacy-policy-tutorial\">Suggested text: <\/strong>If you have an account on this site, or have left comments, you can request to receive an exported file of the personal data we hold about you, including any data you have provided to us. You can also request that we erase any personal data we hold about you. This does not include any data we are obliged to keep for administrative, legal, or security purposes.<\/p><h2 class=\"wp-block-heading\">Where your data is sent<\/h2><p><strong class=\"privacy-policy-tutorial\">Suggested text: <\/strong>Visitor comments may be checked through an automated spam detection service.<\/p>","protected":false},"excerpt":{"rendered":"<p>Who we are Suggested text: Our website address is: https:\/\/www.salumificiobellucci.com. Comments Suggested text: When visitors leave comments on the site we collect the data shown in the comments form, and also the visitor&#8217;s IP address and browser user agent string to help spam detection. An anonymized string created from your email address (also called a [&hellip;]<\/p>\n","protected":false},"author":1,"featured_media":0,"parent":0,"menu_order":1,"comment_status":"closed","ping_status":"open","template":"","meta":[],"class_list":["post-3","page","type-page","status-publish","hentry"],"grid":"{\r\n  \"colCount\": 12,\r\n  \"colGutter\": 1,\r\n  \"rowGutters\": [],\r\n  \"frameMargin\": 5,\r\n  \"leftFrameMargin\": 5,\r\n  \"rightFrameMargin\": 5,\r\n  \"topFrameMargin\": 100,\r\n  \"mus\": {\r\n    \"colGutterMu\": \"%\",\r\n    \"rowGutterMu\": \"%\",\r\n    \"topFrameMu\": \"px\",\r\n    \"bottomFrameMu\": \"%\",\r\n    \"frameMu\": \"%\"\r\n  },\r\n  \"bottomFrameMargin\": 5,\r\n  \"rowAttrs\": [\r\n    {\r\n      \"relid\": 1\r\n    }\r\n  ],\r\n  \"bgColor\": null,\r\n  \"bgImage\": null,\r\n  \"cont\": [\r\n    {\r\n      \"type\": \"text\",\r\n      \"cont\": \"<p class=\\\"_T2\\\">Privacy Policy<\/p>\\n<p><b>Informativa art. 13 del Reg. UE 679\/2016 \u201ccodice in materia di protezione<\/b><\/p>\\n<p><b>dei dati personali\u201d (di seguito \u201ccodice\u201d).<\/b><\/p>\\n<p><b>Titolare del trattamento dati<\/b><\/p>\\n<p>Il Titolare del trattamento dei dati personali rilevati tramite il sito web \u00e8:<\/p>\\n<p>Bellucci srl, con sede legale in Via Salvador Allende 7\/B, 41055 Castelnuovo<\/p>\\n<p>Rangone (MO).<\/p>\\n<p>I riferimenti dei responsabili del trattamento nominati sono custoditi presso la<\/p>\\n<p>sede del Titolare del trattamento.<\/p>\\n<p><b>DATI RACCOLTI PER INVIO CURRICULA<\/b><\/p>\\n<p>Bellucci srl informa il candidato, ai sensi dell\u2019art. 13 del Reg.<\/p>\\n<p>UE 679\/2016 \u201cCodice in materia di protezione dei dati personali\u201d (di seguito<\/p>\\n<p>Codice), che i dati personali che lo riguardano e il loro trattamento sar\u00e0<\/p>\\n<p>finalizzato allo svolgimento di attivit\u00e0 di ricerca, selezione e valutazione del<\/p>\\n<p>personale. Il trattamento avverr\u00e0 con strumenti manuali, informatici e telematici<\/p>\\n<p>con modalit\u00e0 strettamente connesse alle finalit\u00e0. Il conferimento dei dati \u00e8<\/p>\\n<p>facoltativo; l\u2019incompleto conferimento degli stessi, tuttavia, preclude una<\/p>\\n<p>completa valutazione della candidatura. I dati saranno comunicati ai seguenti<\/p>\\n<p>soggetti o categorie di soggetti: aziende del Gruppo. I dati non saranno oggetto<\/p>\\n<p>di diffusione e saranno conservati fino a revoca del consenso o richiesta di<\/p>\\n<p>cancellazione da parte dell\u2019interessato.<\/p>\\n<p>Si precisa inoltre che i predetti dati (in particolare quelli inerenti ai requisiti<\/p>\\n<p>personali e al percorso professionale) potranno essere oggetto di verifica.<\/p>\\n<p>Potranno venire a conoscenza dei Suoi dati il responsabile del trattamento dei<\/p>\\n<p>dati e le seguenti categorie di soggetti incaricati del trattamento: area del<\/p>\\n<p>personale, incaricati coinvolti nelle operazioni di selezione. Nel valutare quanto<\/p>\\n<p>sopra al fine di fornirci il Suo consenso al trattamento La preghiamo di tener<\/p>\\n<p>presente che fra le informazioni personali oggetto del medesimo e da Lei fornite<\/p>\\n<p>spontaneamente vi possono essere anche alcune categorie particolari di dati<\/p>\\n<p>personali ex art. 9 paragrafo 1 Reg. UE 679\/2016.<\/p>\\n<p><b>INFORMATIVA CLIENTI - FORNITORI<\/b><\/p>\\n<p>Bellucci srl La informa che i dati personali da Lei forniti vengono sottoposti al<\/p>\\n<p>trattamento previsto dalla medesima legge. Rammentiamo che per trattamento<\/p>\\n<p>si intende qualunque operazione o complesso di operazioni, svolti con o senzaausilio di mezzi elettronici o comunque automatizzati, concernenti la raccolta, la<\/p>\\n<p>registrazione, la consultazione, l\u2019organizzazione, la conservazione,<\/p>\\n<p>l\u2019elaborazione, la modificazione, la selezione, l\u2019estrazione, il raffronto, l\u2019utilizzo,<\/p>\\n<p>l\u2019interconnessione, il blocco, la comunicazione, la diffusione, la cancellazione e<\/p>\\n<p>la distruzione dei dati personali dell\u2019interessato.<\/p>\\n<p>Titolare del trattamento \u00e8 Bellucci srl., con sede legale in Via Salvador Allende<\/p>\\n<p>7\/B, 41055 Castelnuovo Rangone (MO).<\/p>\\n<p>La finalit\u00e0 di detto trattamento \u00e8 provvedere:<\/p>\\n<p><span>-<\/span> alla corretta gestione delle informazioni necessarie all'erogazione del<\/p>\\n<p>prodotto e del servizio, fino all'incasso del corrispettivo spettante.<\/p>\\n<p><span>-<\/span> alla corretta gestione delle informazioni necessarie agli adempimenti<\/p>\\n<p>contrattuali ed agli obblighi dal contratto derivanti, fino al pagamento del<\/p>\\n<p>corrispettivo spettante.<\/p>\\n<p>In particolare: esigenze preliminari alla stipulazione di un contratto; adempiere<\/p>\\n<p>agli obblighi contrattuali nei confronti dell\u2019interessato, dando esecuzione ad un<\/p>\\n<p>atto, pluralit\u00e0 d\u2019atti od insieme di operazioni necessarie all\u2019adempimento dei<\/p>\\n<p>predetti obblighi; dare esecuzione presso ogni ente pubblico o privato agli<\/p>\\n<p>adempimenti connessi o strumentali al contratto; dare esecuzione a<\/p>\\n<p>adempimenti di obblighi di legge.<\/p>\\n<p>Per la stipulazione ed esecuzione del rapporto contrattuale la raccolta dei dati<\/p>\\n<p>personali ha natura obbligatoria, dovendosi dare corso agli adempimenti di<\/p>\\n<p>legge e fiscali: il rifiuto di fornire tali dati comporter\u00e0 l\u2019impossibilit\u00e0 di instaurare<\/p>\\n<p>rapporti con la societ\u00e0. La basi giuridiche del trattamento sono pertanto<\/p>\\n<p>l\u2019adempimento degli obblighi derivanti dal contratto (art. 6, par. 1, lett. B) e<\/p>\\n<p>l\u2019ottemperanza alle disposizioni di legge (art. 6, par. 1, lett. C). Il trattamento dei<\/p>\\n<p>dati \u00e8 effettuato inoltre per finalit\u00e0 d\u2019invio di materiale relativo ai nostri prodotti,<\/p>\\n<p>sempre connesso all\u2019esecuzione contrattuale, anche attraverso l\u2019utilizzo delle<\/p>\\n<p>vostre coordinate di posta elettronica. In tal caso la base giuridica \u00e8 costituita dal<\/p>\\n<p>Suo consenso.<\/p>\\n<p>Per tali finalit\u00e0 promozionali il conferimento \u00e8 facoltativo, e Lei potr\u00e0 opporsi in<\/p>\\n<p>qualsiasi momento al trattamento rivolgendosi al Titolare. I dati trattati per detta<\/p>\\n<p>finalit\u00e0 saranno conservati fino ad eventuale sua revoca del consenso. In ogni<\/p>\\n<p>caso i dati in questione non saranno oggetto di diffusione, mentre verranno o<\/p>\\n<p>potranno venire comunicati a soggetti che operano nell\u2019ambito delle finalit\u00e0<\/p>\\n<p>sopra descritte. In particolare, detti dati verranno \u2013 o potranno venire \u2013<\/p>\\n<p>comunicati ai soggetti interni o esterni all\u2019organizzazione del Titolare, al fine di<\/p>\\n<p>dare corso all\u2019espletamento degli obblighi contrattuali (ad es. corrieri,<\/p>\\n<p>spedizionieri, istituti di credito\u2026) da questo autorizzati. Potranno essere<\/p>\\n<p>comunicati a soggetti terzi (eventualmente nominati responsabili del trattamento)di cui il Titolare si avvalga per lo svolgimento di attivit\u00e0 economiche<\/p>\\n<p>(commerciali, gestionali, gestione dei sistemi informativi, assicurative,<\/p>\\n<p>intermediazione bancaria o non bancaria, factoring, gestione della spedizione,<\/p>\\n<p>imbustamento e invio corrispondenza, gestione e tutela del credito) o per<\/p>\\n<p>l\u2019assolvimento di norme di legge (studi commercialisti, avvocati), o in forza di<\/p>\\n<p>obblighi di legge. I dati non saranno trasferiti fuori dall\u2019Unione Europea, e non<\/p>\\n<p>saranno diffusi. In relazione alle finalit\u00e0 sopraindicata i dati saranno conservati<\/p>\\n<p>per tutta la durata del rapporto contrattuale e, successivamente, in relazione a<\/p>\\n<p>quanto previsto dalla normativa vigente applicabile (es. in materia contabile e<\/p>\\n<p>fiscale).<\/p>\\n<p>Lei potr\u00e0 esercitare i suoi diritti e chiedere al Titolare del trattamento l'accesso ai<\/p>\\n<p>suoi dati, per la rettifica, l\u2019integrazione, l\u2019aggiornamento, la cancellazione degli<\/p>\\n<p>stessi o la limitazione del trattamento che li riguarda, o di opporsi al trattamento<\/p>\\n<p>ai sensi degli artt. 15 e ss. del Reg. UE 679\/2016. Gli interessati che ritengono<\/p>\\n<p>che il trattamento dei dati personali a loro riferiti avvenga in violazione di quanto<\/p>\\n<p>previsto dal Regolamento hanno il diritto di proporre reclamo al Garante, come<\/p>\\n<p>previsto dall'art. 77 del Regolamento stesso. Lei potr\u00e0 esercitare tali diritti,<\/p>\\n<p>rivolgendosi al Servizio Privacy presso il Titolare del trattamento dei<\/p>\\n<p>dati: Bellucci srl., con sede legale in Via Salvador Allende 7\/B, 41055<\/p>\\n<p>Castelnuovo Rangone (MO)., contattabile all\u2019indirizzo e-mail<\/p>\\n<p>qualita@salumificiobellucci.com<\/p>\\n<p><b>SERVIZIO PRIVACY<\/b><\/p>\\n<p>Gli interessati hanno il diritto di chiedere al titolare del trattamento l'accesso ai<\/p>\\n<p>dati personali e la rettifica o la cancellazione degli stessi o la limitazione del<\/p>\\n<p>trattamento che li riguarda o di opporsi al trattamento ai sensi degli artt. 15 e ss.<\/p>\\n<p>del Reg. UE 679\/2016. \u00c8 possibile rivolgersi al ns. Servizio Privacy per<\/p>\\n<p>conoscere i propri dati e farli integrare, modificare o cancellare per violazione di<\/p>\\n<p>legge scrivendo all\u2019indirizzo email qualita@salumificiobellucci.com, od opporsi al<\/p>\\n<p>loro trattamento (o per esercitare gli altri diritti previsti dall\u2019art. artt. 15 e ss. del<\/p>\\n<p>Reg. UE 679\/29016).<\/p>\\n<p>Titolare del trattamento \u00e8 Bellucci srl con sede legale in Via Salvador Allende<\/p>\\n<p>7\/B, 41055 Castelnuovo Rangone (MO).<\/p>\\n<p>Gli interessati, ricorrendone i presupposti, hanno, altres\u00ec, il diritto di proporre<\/p>\\n<p>reclamo al Garante quale autorit\u00e0 di controllo secondo le procedure previste.<\/p>\\n<p>L\u2019elenco dei responsabili al trattamento dei dati \u00e8 presente presso l\u2019Ufficio<\/p>\\n<p>Privacy del titolare.<\/p>\\n<p>Artt. 15 e ss. del Reg. UE 679\/2016 \u2013 Diritto di accesso ai dati personali ed altri<\/p>\\n<p>diritti<\/p>\\n<p>L\u2019interessato ha diritto di ottenere la conferma dell\u2019esistenza o meno di datipersonali che lo riguardano, anche se non ancora registrati, e la loro<\/p>\\n<p>comunicazione in forma intelligibile.<\/p>\\n<p>\u00b7 L\u2019interessato ha diritto di ottenere l\u2019indicazione:<\/p>\\n<p>\u00b7 dell\u2019origine dei dati personali;<\/p>\\n<p>\u00b7 delle finalit\u00e0 e modalit\u00e0 del trattamento;<\/p>\\n<p>\u00b7 della logica applicata in caso di trattamento effettuato con l\u2019ausilio di strumenti<\/p>\\n<p>elettronici;<\/p>\\n<p>\u00b7 degli estremi identificativi del titolare, dei responsabili e del rappresentante<\/p>\\n<p>designato;<\/p>\\n<p>\u00b7 dei soggetti o delle categorie di soggetti ai quali i dati personali possono essere<\/p>\\n<p>comunicati o che possono venirne a conoscenza in qualit\u00e0 di rappresentante<\/p>\\n<p>designato nel territorio dello Stato, di responsabili o incaricati. \u00b7 L\u2019interessato ha<\/p>\\n<p>diritto di ottenere:<\/p>\\n<p>\u00b7 l\u2019aggiornamento, la rettificazione ovvero, quando vi ha interesse, l\u2019integrazione<\/p>\\n<p>dei dati;<\/p>\\n<p>\u00b7 la cancellazione, la trasformazione in forma anonima o il blocco dei dati trattati<\/p>\\n<p>in violazione di legge, compresi quelli di cui non \u00e8 necessaria la conservazione<\/p>\\n<p>in relazione agli scopi per i quali i dati sono stati raccolti o successivamente<\/p>\\n<p>trattati;<\/p>\\n<p>\u00b7 l\u2019attestazione che le operazioni di cui alle lettere a) e b) sono state portate a<\/p>\\n<p>conoscenza, anche per quanto riguarda il loro contenuto, di coloro ai quali i dati<\/p>\\n<p>sono stati comunicati o diffusi, eccettuato il caso in cui tale adempimento si<\/p>\\n<p>rivela impossibile o comporta un impiego di mezzi manifestamente<\/p>\\n<p>sproporzionato rispetto al diritto tutelato. L\u2019interessato ha diritto di opporsi, in<\/p>\\n<p>tutto o in parte:<\/p>\\n<p>\u00b7 per motivi legittimi al trattamento dei dati personali che lo riguardano, ancorch\u00e9<\/p>\\n<p>pertinenti allo scopo della raccolta;<\/p>\\n<p>\u00b7 al trattamento di dati personali che lo riguardano a fini di invio di materiale<\/p>\\n<p>pubblicitario o di vendita diretta o per il compimento di ricerche di mercato o di<\/p>\\n<p>comunicazione commerciale.<\/p>\",\r\n      \"align\": \"middle\",\r\n      \"row\": 0,\r\n      \"col\": 0,\r\n      \"colspan\": 12,\r\n      \"offsetx\": 0,\r\n      \"offsety\": 0,\r\n      \"spaceabove\": 0,\r\n      \"spacebelow\": 0,\r\n      \"yvel\": 1,\r\n      \"push\": 0,\r\n      \"relid\": 2,\r\n      \"absolute_position\": false,\r\n      \"frameOverflow\": \"\"\r\n    }\r\n  ]\r\n}","phonegrid":"","_links":{"self":[{"href":"https:\/\/www.salumificiobellucci.com\/en\/wp-json\/wp\/v2\/pages\/3","targetHints":{"allow":["GET"]}}],"collection":[{"href":"https:\/\/www.salumificiobellucci.com\/en\/wp-json\/wp\/v2\/pages"}],"about":[{"href":"https:\/\/www.salumificiobellucci.com\/en\/wp-json\/wp\/v2\/types\/page"}],"author":[{"embeddable":true,"href":"https:\/\/www.salumificiobellucci.com\/en\/wp-json\/wp\/v2\/users\/1"}],"replies":[{"embeddable":true,"href":"https:\/\/www.salumificiobellucci.com\/en\/wp-json\/wp\/v2\/comments?post=3"}],"version-history":[{"count":0,"href":"https:\/\/www.salumificiobellucci.com\/en\/wp-json\/wp\/v2\/pages\/3\/revisions"}],"wp:attachment":[{"href":"https:\/\/www.salumificiobellucci.com\/en\/wp-json\/wp\/v2\/media?parent=3"}],"curies":[{"name":"wp","href":"https:\/\/api.w.org\/{rel}","templated":true}]}}